{"id":12919,"date":"2020-11-24T18:12:17","date_gmt":"2020-11-24T16:12:17","guid":{"rendered":"https:\/\/nscr.nl\/?page_id=12919"},"modified":"2024-02-08T11:48:39","modified_gmt":"2024-02-08T09:48:39","slug":"stay-home-stay-safe-meldingsgegevens-veilig-thuis","status":"publish","type":"page","link":"https:\/\/nscr.nl\/en\/stay-home-stay-safe-meldingsgegevens-veilig-thuis\/","title":{"rendered":"Meldingsgegevens Veilig Thuis"},"content":{"rendered":"<h1><strong>Stay Home, Stay Safe? <\/strong><\/h1>\n<h2><strong>Meldingsgegevens Veilig Thuis<br \/>\n<\/strong><\/h2>\n<h4><strong>Datalevering<\/strong><\/h4>\n<p>In samenwerking met leden van de kerngroep gebruikers Clavis en Regas is een query opgezet om uniforme datalevering van de Veilig Thuis-regio\u2019s te garanderen. Via de regio\u2019s zijn de data op een beveiligde manier periodiek aangeleverd aan het onderzoeksteam. De Excel-bestanden zijn omgezet in het programma <em>Statistical Package for the Social Sciences<\/em> (SPSS), versie 25, wat resulteerde in twee datasets per regio: \u00e9\u00e9n met adviezen en \u00e9\u00e9n met meldingen. De uitgevraagde variabelen boden informatie omtrent het casusnummer, de start- en einddatum van de casus, de ontvangstdatum van het advies\/melding, de gemeente, de functie en organisatie van de melder, de vermoedelijke aard van de casus en specificaties van de verschillende vormen, het triagebesluit en de conclusie van de veiligheidstaxatie. Tot slot zijn gegevens van directbetrokkenen uitgevraagd, zoals de rol, leeftijd, geslacht en postcode. Om herleidbaarheid van gegevens te voorkomen is geen geboortedatum uitgevraagd en zijn enkel de cijfers van de postcodes uitgevraagd.<\/p>\n<h4><strong>Data-analyse<\/strong><\/h4>\n<p>De data werd in verschillende fasen opgedeeld om (mogelijke) veranderingen in de omvang, aard en melders van geregistreerde meldingen als gevolg van de coronamaatregelen te ontdekken. Zo werd bijvoorbeeld onderscheid gemaakt tussen de fase voorafgaand aan de eerste coronamaatregelen, de daaropvolgende fase met de eerste lockdown, de fase waarin de maatregelen werden versoepeld en de fase van de gedeeltelijke lockdown.<\/p>\n<p>De aangeleverde data bevatte informatie over casussen van (gemeld) huiselijk geweld. Doordat mogelijk meerdere meldingen per casus werden gedaan en meldingen uit meerdere regels met informatie uit directbetrokkenen bestonden, bestonden per casus ook meerdere regels. De analyses zijn derhalve uitgesplitst naar meldings- en casusniveau. Voor de analyses op meldingsniveau werden alle unieke meldingen geselecteerd. Op casusniveau werden, op basis van beslisregels, de unieke casussen (i.e. de eerste keer dat een casus is gemeld) meegenomen in de analyses.<\/p>\n<p>De analyses zijn uitgevoerd op weekniveau. De weeknummers zijn hierbij opgebouwd door 1 januari tot 7 januari als week \u00e9\u00e9n te beschouwen, 8 januari tot 14 januari als week twee te beschouwen, et cetera. Allereerst werden de absolute percentages weergegeven om verschillen te ontdekken, waarbij de geregistreerde weken in 2020 en 2021 zijn vergeleken met dezelfde weken in 2019. Op basis van een post-hoc toets (Bonferroni) werd vervolgens onderzocht of de gevonden verschillen significant waren.<\/p>\n<p style=\"padding-left: 40px;\"><strong>I) Aantal meldingen en casussen van huiselijk geweld<\/strong><\/p>\n<p style=\"padding-left: 40px;\">De analyses betreffende de omvang van <em>meldingen<\/em> en <em>casussen<\/em> van huiselijk geweld zijn op meldings- en casusniveau uitgevoerd om mogelijke veranderingen in 2020\/2021 ten opzichte van 2019 te onderzoeken. De resultaten zijn met behulp van Excel vormgegeven in een grafiek, waarbij eveneens de tijdlijn met veranderingen in de getroffen maatregelen zijn weergegeven.<\/p>\n<p style=\"padding-left: 40px;\"><strong>II) Aard van huiselijk geweld (en kindermishandeling)<\/strong><\/p>\n<p style=\"padding-left: 40px;\">Meerdere vormen van huiselijk geweld kunnen tegelijkertijd voorkomen in \u00e9\u00e9n casus (bijvoorbeeld partnergeweld en kindermishandeling). Wanneer meerdere vormen van huiselijk geweld werden geregistreerd binnen dezelfde casus, zijn deze gehercodeerd naar \u00e9\u00e9n categorie door de ene categorie te laten prevaleren boven de andere (zie Tabel 1). Dit is gebaseerd op de mate waarin de verschillende vormen van huiselijk geweld daadwerkelijk voorkomen (met uitzondering van andere problemen, aangezien dit een restcategorie is).<\/p>\n<p style=\"padding-left: 40px;\"><strong>III) Functie van de melder van het huiselijk geweld<\/strong><\/p>\n<p style=\"padding-left: 40px;\">Ten aanzien van de functie van de melder maakt Veilig Thuis onderscheid tussen\u00a0 beroepsmatige melders (professionals) en niet-beroepsmatige melders (burgers) \u2013 zie Tabel 1. Het Bureau Huiselijk Geweld houdt bij waar een professionele melding vandaan komt en wat de rol is van niet-professionele melders. Deze analyses werden op meldingsniveau gedaan, zodat alle unieke melders in de analyses werden meegenomen.<\/p>\n<p><strong>Tabel 1.\u00a0<em>Beschrijvende statistieken van de <\/em><em>analysevariabelen<\/em><em>. <\/em><\/strong><\/p>\n<table>\n<tbody>\n<tr>\n<td width=\"312\"><strong>Variabele<\/strong><\/td>\n<td width=\"312\"><strong>Categorieen<\/strong><\/td>\n<\/tr>\n<tr>\n<td width=\"312\"><em>Vermoedelijke aard van huiselijk geweld<\/em><\/td>\n<td width=\"312\">1.\u00a0\u00a0\u00a0\u00a0\u00a0\u00a0 Kindermishandeling en (ex-)partnergeweld<a href=\"#_ftn1\" name=\"_ftnref1\">[1]<\/a><\/p>\n<p>2.\u00a0\u00a0\u00a0\u00a0\u00a0\u00a0 Kindermishandeling<\/p>\n<p>3.\u00a0\u00a0\u00a0\u00a0\u00a0\u00a0 (Ex-)partnergeweld<\/p>\n<p>4.\u00a0\u00a0\u00a0\u00a0\u00a0\u00a0 Geweld tegen ouders<\/p>\n<p>5.\u00a0\u00a0\u00a0\u00a0\u00a0\u00a0 Ouderenmishandeling<\/p>\n<p>6.\u00a0\u00a0\u00a0\u00a0\u00a0\u00a0 Andere problematiek<a href=\"#_ftn2\" name=\"_ftnref2\"><sup>[2]<\/sup><\/a><\/td>\n<\/tr>\n<tr>\n<td width=\"312\"><em>Melder van huiselijk geweld<\/em><\/td>\n<td width=\"312\">1.\u00a0\u00a0\u00a0\u00a0\u00a0\u00a0 Beroepsmatige melder<\/p>\n<p>2.\u00a0\u00a0\u00a0\u00a0\u00a0\u00a0 Niet-beroepsmatige melder<\/td>\n<\/tr>\n<tr>\n<td width=\"312\"><em>Beroepsgroep van beroepsmatige melder<\/em><\/td>\n<td width=\"312\">1.\u00a0\u00a0\u00a0\u00a0\u00a0\u00a0 Justitie en Veiligheid (i.e., in de meeste gevallen de politie<\/p>\n<p>2.\u00a0\u00a0\u00a0\u00a0\u00a0\u00a0 (Para)medische beroepsgroepen (bijv. huisartsen)<\/p>\n<p>3.\u00a0\u00a0\u00a0\u00a0\u00a0\u00a0 Psychologen, pedagogen, psychotherapeuten en sociaal werkers<\/p>\n<p>4.\u00a0\u00a0\u00a0\u00a0\u00a0\u00a0 Kinderopvang en onderwijs<\/p>\n<p>5.\u00a0\u00a0\u00a0\u00a0\u00a0\u00a0 Beroepsmatig anders<\/td>\n<\/tr>\n<tr>\n<td width=\"312\"><em>Rol van niet-beroepsmatige melder<\/em><\/td>\n<td width=\"312\">1.\u00a0\u00a0\u00a0\u00a0\u00a0\u00a0 Directbetrokkene, jeugdige<\/p>\n<p>2.\u00a0\u00a0\u00a0\u00a0\u00a0\u00a0 Directbetrokkende, volwassene<\/p>\n<p>3.\u00a0\u00a0\u00a0\u00a0\u00a0\u00a0 Familielid van directbetrokkene<\/p>\n<p>4.\u00a0\u00a0\u00a0\u00a0\u00a0\u00a0 Persoon behorend tot het sociale netwerk<\/p>\n<p>5.\u00a0\u00a0\u00a0\u00a0\u00a0\u00a0 Buurtbewoner<\/p>\n<p>6.\u00a0\u00a0\u00a0\u00a0\u00a0\u00a0 Niet-beroepsmatig anders<a href=\"#_ftn3\" name=\"_ftnref3\"><sup>[3]<\/sup><\/a><\/td>\n<\/tr>\n<\/tbody>\n<\/table>\n<hr \/>\n<p><a href=\"#_ftnref1\" name=\"_ftn1\">[1]<\/a> Opgemerkt moet worden dat een zaak ook wordt geclassificeerd als kindermishandeling als kinderen getuigen zijn van geweld tussen hun ouders.<\/p>\n<p><a href=\"#_ftnref2\" name=\"_ftn2\">[2]<\/a> Onder andere problematiek zijn \u2018huiselijk geweld overig\u2019 (geweld dat door iemand uit de huiselijke- of<\/p>\n<p>familiekring van het slachtoffer wordt gepleegd, waarbij huiselijk geweld verwijst naar de relatie tussen pleger<\/p>\n<p>en slachtoffer; bijvoorbeeld geweld tussen broer en zus) en \u2018andere problematiek dan huiselijk geweld of<\/p>\n<p>kindermishandeling\u2019 (alle andere problemen; wordt alleen aangevinkt als geen van de andere vormen van<\/p>\n<p>toepassing is) samengevoegd.<\/p>\n<p><a href=\"#_ftnref3\" name=\"_ftn3\">[3]<\/a> Niet-beroepsmatige melders, zoals familieleden of buren, kunnen anoniem een melding doen van huiselijk geweld. Informatie over de rol van een niet-beroepsmatige melder wordt niet geregistreerd indien iemand anoniem een vermoeden van huiselijk geweld meldt, waardoor een ontbrekende waarde (<em>missing value<\/em>) ontstaat.<\/p>\n","protected":false},"excerpt":{"rendered":"<p>Stay Home, Stay Safe? Meldingsgegevens Veilig Thuis Datalevering In samenwerking met leden van de kerngroep gebruikers Clavis en Regas is een query opgezet om uniforme datalevering van de Veilig Thuis-regio\u2019s te garanderen. Via de regio\u2019s zijn de data op een beveiligde manier periodiek aangeleverd aan het onderzoeksteam. De Excel-bestanden zijn omgezet in het programma Statistical [&hellip;]<\/p>\n","protected":false},"author":39,"featured_media":0,"parent":0,"menu_order":0,"comment_status":"closed","ping_status":"closed","template":"","meta":{"_acf_changed":false,"footnotes":""},"class_list":["post-12919","page","type-page","status-publish","hentry"],"acf":[],"yoast_head":"<!-- This site is optimized with the Yoast SEO plugin v25.9 - https:\/\/yoast.com\/wordpress\/plugins\/seo\/ -->\n<title>Meldingsgegevens Veilig Thuis &#187; NSCR<\/title>\n<meta name=\"robots\" content=\"index, follow, max-snippet:-1, max-image-preview:large, max-video-preview:-1\" \/>\n<link rel=\"canonical\" href=\"https:\/\/nscr.nl\/en\/stay-home-stay-safe-meldingsgegevens-veilig-thuis\/\" \/>\n<meta property=\"og:locale\" content=\"en_US\" \/>\n<meta property=\"og:type\" content=\"article\" \/>\n<meta property=\"og:title\" content=\"Meldingsgegevens Veilig Thuis &#187; NSCR\" \/>\n<meta property=\"og:description\" content=\"Stay Home, Stay Safe? Meldingsgegevens Veilig Thuis Datalevering In samenwerking met leden van de kerngroep gebruikers Clavis en Regas is een query opgezet om uniforme datalevering van de Veilig Thuis-regio\u2019s te garanderen. Via de regio\u2019s zijn de data op een beveiligde manier periodiek aangeleverd aan het onderzoeksteam. De Excel-bestanden zijn omgezet in het programma Statistical [&hellip;]\" \/>\n<meta property=\"og:url\" content=\"https:\/\/nscr.nl\/stay-home-stay-safe-meldingsgegevens-veilig-thuis\/\" \/>\n<meta property=\"og:site_name\" content=\"NSCR\" \/>\n<meta property=\"article:modified_time\" content=\"2024-02-08T09:48:39+00:00\" \/>\n<meta name=\"twitter:card\" content=\"summary_large_image\" \/>\n<meta name=\"twitter:label1\" content=\"Est. reading time\" \/>\n\t<meta name=\"twitter:data1\" content=\"4 minutes\" \/>\n<script type=\"application\/ld+json\" class=\"yoast-schema-graph\">{\"@context\":\"https:\/\/schema.org\",\"@graph\":[{\"@type\":\"WebPage\",\"@id\":\"https:\/\/nscr.nl\/stay-home-stay-safe-meldingsgegevens-veilig-thuis\/\",\"url\":\"https:\/\/nscr.nl\/stay-home-stay-safe-meldingsgegevens-veilig-thuis\/\",\"name\":\"Meldingsgegevens Veilig Thuis &#187; NSCR\",\"isPartOf\":{\"@id\":\"https:\/\/nscr.nl\/#website\"},\"datePublished\":\"2020-11-24T16:12:17+00:00\",\"dateModified\":\"2024-02-08T09:48:39+00:00\",\"breadcrumb\":{\"@id\":\"https:\/\/nscr.nl\/stay-home-stay-safe-meldingsgegevens-veilig-thuis\/#breadcrumb\"},\"inLanguage\":\"en-US\",\"potentialAction\":[{\"@type\":\"ReadAction\",\"target\":[\"https:\/\/nscr.nl\/stay-home-stay-safe-meldingsgegevens-veilig-thuis\/\"]}]},{\"@type\":\"BreadcrumbList\",\"@id\":\"https:\/\/nscr.nl\/stay-home-stay-safe-meldingsgegevens-veilig-thuis\/#breadcrumb\",\"itemListElement\":[{\"@type\":\"ListItem\",\"position\":1,\"name\":\"Home\",\"item\":\"https:\/\/nscr.nl\/en\/\"},{\"@type\":\"ListItem\",\"position\":2,\"name\":\"Meldingsgegevens Veilig Thuis\"}]},{\"@type\":\"WebSite\",\"@id\":\"https:\/\/nscr.nl\/#website\",\"url\":\"https:\/\/nscr.nl\/\",\"name\":\"NSCR\",\"description\":\"Nederlands Studiecentrum voor Criminaliteit en Rechtshandhaving\",\"publisher\":{\"@id\":\"https:\/\/nscr.nl\/#organization\"},\"potentialAction\":[{\"@type\":\"SearchAction\",\"target\":{\"@type\":\"EntryPoint\",\"urlTemplate\":\"https:\/\/nscr.nl\/?s={search_term_string}\"},\"query-input\":{\"@type\":\"PropertyValueSpecification\",\"valueRequired\":true,\"valueName\":\"search_term_string\"}}],\"inLanguage\":\"en-US\"},{\"@type\":\"Organization\",\"@id\":\"https:\/\/nscr.nl\/#organization\",\"name\":\"NSCR\",\"url\":\"https:\/\/nscr.nl\/\",\"logo\":{\"@type\":\"ImageObject\",\"inLanguage\":\"en-US\",\"@id\":\"https:\/\/nscr.nl\/#\/schema\/logo\/image\/\",\"url\":\"https:\/\/nscr.nl\/app\/uploads\/2025\/09\/1a_NSCR_LogoBasis_CMYK.png\",\"contentUrl\":\"https:\/\/nscr.nl\/app\/uploads\/2025\/09\/1a_NSCR_LogoBasis_CMYK.png\",\"width\":591,\"height\":160,\"caption\":\"NSCR\"},\"image\":{\"@id\":\"https:\/\/nscr.nl\/#\/schema\/logo\/image\/\"},\"sameAs\":[\"https:\/\/www.linkedin.com\/company\/nscr\/\"]}]}<\/script>\n<!-- \/ Yoast SEO plugin. -->","yoast_head_json":{"title":"Meldingsgegevens Veilig Thuis &#187; NSCR","robots":{"index":"index","follow":"follow","max-snippet":"max-snippet:-1","max-image-preview":"max-image-preview:large","max-video-preview":"max-video-preview:-1"},"canonical":"https:\/\/nscr.nl\/en\/stay-home-stay-safe-meldingsgegevens-veilig-thuis\/","og_locale":"en_US","og_type":"article","og_title":"Meldingsgegevens Veilig Thuis &#187; NSCR","og_description":"Stay Home, Stay Safe? Meldingsgegevens Veilig Thuis Datalevering In samenwerking met leden van de kerngroep gebruikers Clavis en Regas is een query opgezet om uniforme datalevering van de Veilig Thuis-regio\u2019s te garanderen. Via de regio\u2019s zijn de data op een beveiligde manier periodiek aangeleverd aan het onderzoeksteam. De Excel-bestanden zijn omgezet in het programma Statistical [&hellip;]","og_url":"https:\/\/nscr.nl\/stay-home-stay-safe-meldingsgegevens-veilig-thuis\/","og_site_name":"NSCR","article_modified_time":"2024-02-08T09:48:39+00:00","twitter_card":"summary_large_image","twitter_misc":{"Est. reading time":"4 minutes"},"schema":{"@context":"https:\/\/schema.org","@graph":[{"@type":"WebPage","@id":"https:\/\/nscr.nl\/stay-home-stay-safe-meldingsgegevens-veilig-thuis\/","url":"https:\/\/nscr.nl\/stay-home-stay-safe-meldingsgegevens-veilig-thuis\/","name":"Meldingsgegevens Veilig Thuis &#187; NSCR","isPartOf":{"@id":"https:\/\/nscr.nl\/#website"},"datePublished":"2020-11-24T16:12:17+00:00","dateModified":"2024-02-08T09:48:39+00:00","breadcrumb":{"@id":"https:\/\/nscr.nl\/stay-home-stay-safe-meldingsgegevens-veilig-thuis\/#breadcrumb"},"inLanguage":"en-US","potentialAction":[{"@type":"ReadAction","target":["https:\/\/nscr.nl\/stay-home-stay-safe-meldingsgegevens-veilig-thuis\/"]}]},{"@type":"BreadcrumbList","@id":"https:\/\/nscr.nl\/stay-home-stay-safe-meldingsgegevens-veilig-thuis\/#breadcrumb","itemListElement":[{"@type":"ListItem","position":1,"name":"Home","item":"https:\/\/nscr.nl\/en\/"},{"@type":"ListItem","position":2,"name":"Meldingsgegevens Veilig Thuis"}]},{"@type":"WebSite","@id":"https:\/\/nscr.nl\/#website","url":"https:\/\/nscr.nl\/","name":"NSCR","description":"Nederlands Studiecentrum voor Criminaliteit en Rechtshandhaving","publisher":{"@id":"https:\/\/nscr.nl\/#organization"},"potentialAction":[{"@type":"SearchAction","target":{"@type":"EntryPoint","urlTemplate":"https:\/\/nscr.nl\/?s={search_term_string}"},"query-input":{"@type":"PropertyValueSpecification","valueRequired":true,"valueName":"search_term_string"}}],"inLanguage":"en-US"},{"@type":"Organization","@id":"https:\/\/nscr.nl\/#organization","name":"NSCR","url":"https:\/\/nscr.nl\/","logo":{"@type":"ImageObject","inLanguage":"en-US","@id":"https:\/\/nscr.nl\/#\/schema\/logo\/image\/","url":"https:\/\/nscr.nl\/app\/uploads\/2025\/09\/1a_NSCR_LogoBasis_CMYK.png","contentUrl":"https:\/\/nscr.nl\/app\/uploads\/2025\/09\/1a_NSCR_LogoBasis_CMYK.png","width":591,"height":160,"caption":"NSCR"},"image":{"@id":"https:\/\/nscr.nl\/#\/schema\/logo\/image\/"},"sameAs":["https:\/\/www.linkedin.com\/company\/nscr\/"]}]}},"_links":{"self":[{"href":"https:\/\/nscr.nl\/en\/wp-json\/wp\/v2\/pages\/12919","targetHints":{"allow":["GET"]}}],"collection":[{"href":"https:\/\/nscr.nl\/en\/wp-json\/wp\/v2\/pages"}],"about":[{"href":"https:\/\/nscr.nl\/en\/wp-json\/wp\/v2\/types\/page"}],"author":[{"embeddable":true,"href":"https:\/\/nscr.nl\/en\/wp-json\/wp\/v2\/users\/39"}],"replies":[{"embeddable":true,"href":"https:\/\/nscr.nl\/en\/wp-json\/wp\/v2\/comments?post=12919"}],"version-history":[{"count":11,"href":"https:\/\/nscr.nl\/en\/wp-json\/wp\/v2\/pages\/12919\/revisions"}],"predecessor-version":[{"id":16590,"href":"https:\/\/nscr.nl\/en\/wp-json\/wp\/v2\/pages\/12919\/revisions\/16590"}],"wp:attachment":[{"href":"https:\/\/nscr.nl\/en\/wp-json\/wp\/v2\/media?parent=12919"}],"curies":[{"name":"wp","href":"https:\/\/api.w.org\/{rel}","templated":true}]}}