{"id":10146,"date":"2019-09-17T15:29:59","date_gmt":"2019-09-17T13:29:59","guid":{"rendered":"https:\/\/nscr.nl\/?page_id=10146"},"modified":"2020-02-26T18:21:52","modified_gmt":"2020-02-26T16:21:52","slug":"scientific-advisory-committee","status":"publish","type":"page","link":"https:\/\/nscr.nl\/en\/about-us\/organization\/scientific-advisory-committee\/","title":{"rendered":"Scientific Advisory Committee"},"content":{"rendered":"<h1>Scientific Advisory Committee<\/h1>\n<ul>\n<li><strong>Prof. Marcelo Aebi<\/strong> | University of Lausanne, Switzerland (chair)<\/li>\n<li><strong>Prof. Judith van Erp<\/strong> | Utrecht University, The Netherlands<\/li>\n<li><strong>Prof. Felipe Estrada<\/strong> | Stockholm University, Sweden<\/li>\n<li><strong>Prof. Candace Kruttschnitt<\/strong> | University of Toronto, Canada<\/li>\n<li><strong>Prof. Friedrich L\u00f6sel<\/strong> | University of Cambridge, GB &amp; Universit\u00e4t Erlangen-N\u00fcrnberg, Germany<\/li>\n<li><strong>Dr Almir Maljevic<\/strong> | University of Sarajevo, Bosnia &amp; Herzegovina<\/li>\n<li><strong>Prof. Daniel Nagin<\/strong> | Carnegie Mellon University, USA<\/li>\n<li><strong>Prof. Diettrich Oberwittler<\/strong> | Max Planck Institute Freiburg, Germany<\/li>\n<li><strong>Prof. Clifford Shearing<\/strong> | University of Cape Town, Zuid-Afrika &amp; Griffith University, Australia<\/li>\n<li><strong>Prof. Terence Thornberry<\/strong> | University of Maryland, USA<\/li>\n<li><strong>Prof. David Weisburd<\/strong> | Hebrew University, Isra\u00ebl &amp; George Mason University, USA<\/li>\n<\/ul>\n","protected":false},"excerpt":{"rendered":"<p>Scientific Advisory Committee Prof. Marcelo Aebi | University of Lausanne, Switzerland (chair) Prof. Judith van Erp | Utrecht University, The Netherlands Prof. Felipe Estrada | Stockholm University, Sweden Prof. Candace Kruttschnitt | University of Toronto, Canada Prof. Friedrich L\u00f6sel | University of Cambridge, GB &amp; Universit\u00e4t Erlangen-N\u00fcrnberg, Germany Dr Almir Maljevic | University of Sarajevo, [&hellip;]<\/p>\n","protected":false},"author":52,"featured_media":0,"parent":10138,"menu_order":0,"comment_status":"closed","ping_status":"closed","template":"","meta":{"_acf_changed":false,"footnotes":""},"class_list":["post-10146","page","type-page","status-publish","hentry"],"acf":[],"yoast_head":"<!-- This site is optimized with the Yoast SEO plugin v25.9 - https:\/\/yoast.com\/wordpress\/plugins\/seo\/ -->\n<title>Scientific Advisory Committee &#187; NSCR<\/title>\n<meta name=\"robots\" content=\"index, follow, max-snippet:-1, max-image-preview:large, max-video-preview:-1\" \/>\n<link rel=\"canonical\" href=\"https:\/\/nscr.nl\/en\/about-us\/organization\/scientific-advisory-committee\/\" \/>\n<meta property=\"og:locale\" content=\"en_US\" \/>\n<meta property=\"og:type\" content=\"article\" \/>\n<meta property=\"og:title\" content=\"Scientific Advisory Committee &#187; NSCR\" \/>\n<meta property=\"og:description\" content=\"Scientific Advisory Committee Prof. Marcelo Aebi | University of Lausanne, Switzerland (chair) Prof. Judith van Erp | Utrecht University, The Netherlands Prof. Felipe Estrada | Stockholm University, Sweden Prof. Candace Kruttschnitt | University of Toronto, Canada Prof. Friedrich L\u00f6sel | University of Cambridge, GB &amp; Universit\u00e4t Erlangen-N\u00fcrnberg, Germany Dr Almir Maljevic | University of Sarajevo, [&hellip;]\" \/>\n<meta property=\"og:url\" content=\"https:\/\/nscr.nl\/en\/about-us\/organization\/scientific-advisory-committee\/\" \/>\n<meta property=\"og:site_name\" content=\"NSCR\" \/>\n<meta property=\"article:modified_time\" content=\"2020-02-26T16:21:52+00:00\" \/>\n<meta name=\"twitter:card\" content=\"summary_large_image\" \/>\n<meta name=\"twitter:label1\" content=\"Est. reading time\" \/>\n\t<meta name=\"twitter:data1\" content=\"1 minute\" \/>\n<script type=\"application\/ld+json\" class=\"yoast-schema-graph\">{\"@context\":\"https:\/\/schema.org\",\"@graph\":[{\"@type\":\"WebPage\",\"@id\":\"https:\/\/nscr.nl\/en\/about-us\/organization\/scientific-advisory-committee\/\",\"url\":\"https:\/\/nscr.nl\/en\/about-us\/organization\/scientific-advisory-committee\/\",\"name\":\"Scientific Advisory Committee &#187; NSCR\",\"isPartOf\":{\"@id\":\"https:\/\/nscr.nl\/#website\"},\"datePublished\":\"2019-09-17T13:29:59+00:00\",\"dateModified\":\"2020-02-26T16:21:52+00:00\",\"breadcrumb\":{\"@id\":\"https:\/\/nscr.nl\/en\/about-us\/organization\/scientific-advisory-committee\/#breadcrumb\"},\"inLanguage\":\"en-US\",\"potentialAction\":[{\"@type\":\"ReadAction\",\"target\":[\"https:\/\/nscr.nl\/en\/about-us\/organization\/scientific-advisory-committee\/\"]}]},{\"@type\":\"BreadcrumbList\",\"@id\":\"https:\/\/nscr.nl\/en\/about-us\/organization\/scientific-advisory-committee\/#breadcrumb\",\"itemListElement\":[{\"@type\":\"ListItem\",\"position\":1,\"name\":\"Home\",\"item\":\"https:\/\/nscr.nl\/en\/\"},{\"@type\":\"ListItem\",\"position\":2,\"name\":\"About us\",\"item\":\"https:\/\/nscr.nl\/en\/about-us\/\"},{\"@type\":\"ListItem\",\"position\":3,\"name\":\"Organization\",\"item\":\"https:\/\/nscr.nl\/en\/about-us\/organization\/\"},{\"@type\":\"ListItem\",\"position\":4,\"name\":\"Scientific Advisory Committee\"}]},{\"@type\":\"WebSite\",\"@id\":\"https:\/\/nscr.nl\/#website\",\"url\":\"https:\/\/nscr.nl\/\",\"name\":\"NSCR\",\"description\":\"Nederlands Studiecentrum voor Criminaliteit en Rechtshandhaving\",\"publisher\":{\"@id\":\"https:\/\/nscr.nl\/#organization\"},\"potentialAction\":[{\"@type\":\"SearchAction\",\"target\":{\"@type\":\"EntryPoint\",\"urlTemplate\":\"https:\/\/nscr.nl\/?s={search_term_string}\"},\"query-input\":{\"@type\":\"PropertyValueSpecification\",\"valueRequired\":true,\"valueName\":\"search_term_string\"}}],\"inLanguage\":\"en-US\"},{\"@type\":\"Organization\",\"@id\":\"https:\/\/nscr.nl\/#organization\",\"name\":\"NSCR\",\"url\":\"https:\/\/nscr.nl\/\",\"logo\":{\"@type\":\"ImageObject\",\"inLanguage\":\"en-US\",\"@id\":\"https:\/\/nscr.nl\/#\/schema\/logo\/image\/\",\"url\":\"https:\/\/nscr.nl\/app\/uploads\/2025\/09\/1a_NSCR_LogoBasis_CMYK.png\",\"contentUrl\":\"https:\/\/nscr.nl\/app\/uploads\/2025\/09\/1a_NSCR_LogoBasis_CMYK.png\",\"width\":591,\"height\":160,\"caption\":\"NSCR\"},\"image\":{\"@id\":\"https:\/\/nscr.nl\/#\/schema\/logo\/image\/\"},\"sameAs\":[\"https:\/\/www.linkedin.com\/company\/nscr\/\"]}]}<\/script>\n<!-- \/ Yoast SEO plugin. -->","yoast_head_json":{"title":"Scientific Advisory Committee &#187; NSCR","robots":{"index":"index","follow":"follow","max-snippet":"max-snippet:-1","max-image-preview":"max-image-preview:large","max-video-preview":"max-video-preview:-1"},"canonical":"https:\/\/nscr.nl\/en\/about-us\/organization\/scientific-advisory-committee\/","og_locale":"en_US","og_type":"article","og_title":"Scientific Advisory Committee &#187; NSCR","og_description":"Scientific Advisory Committee Prof. Marcelo Aebi | University of Lausanne, Switzerland (chair) Prof. Judith van Erp | Utrecht University, The Netherlands Prof. Felipe Estrada | Stockholm University, Sweden Prof. Candace Kruttschnitt | University of Toronto, Canada Prof. Friedrich L\u00f6sel | University of Cambridge, GB &amp; Universit\u00e4t Erlangen-N\u00fcrnberg, Germany Dr Almir Maljevic | University of Sarajevo, [&hellip;]","og_url":"https:\/\/nscr.nl\/en\/about-us\/organization\/scientific-advisory-committee\/","og_site_name":"NSCR","article_modified_time":"2020-02-26T16:21:52+00:00","twitter_card":"summary_large_image","twitter_misc":{"Est. reading time":"1 minute"},"schema":{"@context":"https:\/\/schema.org","@graph":[{"@type":"WebPage","@id":"https:\/\/nscr.nl\/en\/about-us\/organization\/scientific-advisory-committee\/","url":"https:\/\/nscr.nl\/en\/about-us\/organization\/scientific-advisory-committee\/","name":"Scientific Advisory Committee &#187; NSCR","isPartOf":{"@id":"https:\/\/nscr.nl\/#website"},"datePublished":"2019-09-17T13:29:59+00:00","dateModified":"2020-02-26T16:21:52+00:00","breadcrumb":{"@id":"https:\/\/nscr.nl\/en\/about-us\/organization\/scientific-advisory-committee\/#breadcrumb"},"inLanguage":"en-US","potentialAction":[{"@type":"ReadAction","target":["https:\/\/nscr.nl\/en\/about-us\/organization\/scientific-advisory-committee\/"]}]},{"@type":"BreadcrumbList","@id":"https:\/\/nscr.nl\/en\/about-us\/organization\/scientific-advisory-committee\/#breadcrumb","itemListElement":[{"@type":"ListItem","position":1,"name":"Home","item":"https:\/\/nscr.nl\/en\/"},{"@type":"ListItem","position":2,"name":"About us","item":"https:\/\/nscr.nl\/en\/about-us\/"},{"@type":"ListItem","position":3,"name":"Organization","item":"https:\/\/nscr.nl\/en\/about-us\/organization\/"},{"@type":"ListItem","position":4,"name":"Scientific Advisory Committee"}]},{"@type":"WebSite","@id":"https:\/\/nscr.nl\/#website","url":"https:\/\/nscr.nl\/","name":"NSCR","description":"Nederlands Studiecentrum voor Criminaliteit en Rechtshandhaving","publisher":{"@id":"https:\/\/nscr.nl\/#organization"},"potentialAction":[{"@type":"SearchAction","target":{"@type":"EntryPoint","urlTemplate":"https:\/\/nscr.nl\/?s={search_term_string}"},"query-input":{"@type":"PropertyValueSpecification","valueRequired":true,"valueName":"search_term_string"}}],"inLanguage":"en-US"},{"@type":"Organization","@id":"https:\/\/nscr.nl\/#organization","name":"NSCR","url":"https:\/\/nscr.nl\/","logo":{"@type":"ImageObject","inLanguage":"en-US","@id":"https:\/\/nscr.nl\/#\/schema\/logo\/image\/","url":"https:\/\/nscr.nl\/app\/uploads\/2025\/09\/1a_NSCR_LogoBasis_CMYK.png","contentUrl":"https:\/\/nscr.nl\/app\/uploads\/2025\/09\/1a_NSCR_LogoBasis_CMYK.png","width":591,"height":160,"caption":"NSCR"},"image":{"@id":"https:\/\/nscr.nl\/#\/schema\/logo\/image\/"},"sameAs":["https:\/\/www.linkedin.com\/company\/nscr\/"]}]}},"_links":{"self":[{"href":"https:\/\/nscr.nl\/en\/wp-json\/wp\/v2\/pages\/10146","targetHints":{"allow":["GET"]}}],"collection":[{"href":"https:\/\/nscr.nl\/en\/wp-json\/wp\/v2\/pages"}],"about":[{"href":"https:\/\/nscr.nl\/en\/wp-json\/wp\/v2\/types\/page"}],"author":[{"embeddable":true,"href":"https:\/\/nscr.nl\/en\/wp-json\/wp\/v2\/users\/52"}],"replies":[{"embeddable":true,"href":"https:\/\/nscr.nl\/en\/wp-json\/wp\/v2\/comments?post=10146"}],"version-history":[{"count":7,"href":"https:\/\/nscr.nl\/en\/wp-json\/wp\/v2\/pages\/10146\/revisions"}],"predecessor-version":[{"id":10758,"href":"https:\/\/nscr.nl\/en\/wp-json\/wp\/v2\/pages\/10146\/revisions\/10758"}],"up":[{"embeddable":true,"href":"https:\/\/nscr.nl\/en\/wp-json\/wp\/v2\/pages\/10138"}],"wp:attachment":[{"href":"https:\/\/nscr.nl\/en\/wp-json\/wp\/v2\/media?parent=10146"}],"curies":[{"name":"wp","href":"https:\/\/api.w.org\/{rel}","templated":true}]}}